{"id":599,"date":"2023-09-26T09:33:28","date_gmt":"2023-09-26T07:33:28","guid":{"rendered":"https:\/\/ionxtra.com\/?post_type=product&#038;p=599"},"modified":"2025-12-10T12:48:08","modified_gmt":"2025-12-10T10:48:08","slug":"akkufresh-battery-life-extender-single","status":"publish","type":"product","link":"https:\/\/akkufresh.auniksiddike.com\/hu\/product\/akkufresh-battery-life-extender-single\/","title":{"rendered":"AkkuFresh\u00ae Next Generation\u2122 &#8211; single package"},"content":{"rendered":"<h2>How This Phone Battery Life Extender Works<\/h2>\n<p>AkkuFresh\u00ae Next Generation\u2122 is a battery life extender for phones, designed to improve charging speed and restore aging batteries. The innovative technology solution regenerates any of your worn out or deteriorated batteries.<\/p>\n<p>It absorbs all sources of energy, including the electromagnetic field (EMF) energy and transforms them naturally into negative ions, long wave infrared rays, bio-resonance, and scalar energy. The newly generated AkkuFresh\u00ae negative ions will penetrate into the battery and create a higher frequency, causing the build up of crystals to resonate and burst. This enables the battery to regain its initial capacity and enhance the flow of negative ions. In addition, it lets the lithium-ions resonate, providing an increase in voltage.<\/p>\n<p>AkkuFresh\u00ae Next Generation\u2122 is a small rectangular shaped foil (1.14-inch x 1.97-inch \/ 29mm x 50mm size, and 0.005-inch \/ 0.125mm thin) that can be quickly and easily attached to your device or the battery itself.<\/p>\n<h2>Why Your Phone Needs AkkuFresh\u00ae Battery Extender<\/h2>\n<ul>\n<li>Improves the charging capabilities of your mobile device.<\/li>\n<li>Lets you talk longer on your smart phone and provides additional stand-by time.<\/li>\n<li>Reduces the time it takes to fully charge your device.<\/li>\n<li>Enhances your old battery by restoring it to its original performance.<\/li>\n<li>Eliminates further deterioration of your battery.<\/li>\n<li>Provides you with a Green solution by prolonging your battery lifespan.<\/li>\n<li>and reducing the time spent to charge it.<\/li>\n<li>Protects your battery from current fluctuations.<\/li>\n<li>Can be installed in seconds.<\/li>\n<li>Saves you money by delaying the buying of new batteries.<\/li>\n<\/ul>\n<h2>The Product<\/h2>\n<ul>\n<li>AkkuFresh\u00ae Next Generation\u2122 enhances the charging ability of your mobile electronics device.<\/li>\n<li>Provides you with more talk time and longer standby time with your smart phone.<\/li>\n<li>Shortens your charging time and reduces the charging frequency, which saves on power.<\/li>\n<li>Revitalises your worn out or deteriorated batteries by restoring it to its original performance.<\/li>\n<li>Blocks further battery deterioration.<\/li>\n<li>Increases the total lifespan of your battery.<\/li>\n<li>Eliminates the battery &#8216;memory&#8217; effect (only on Ni-CD batteries).<\/li>\n<li>Protects your battery from electrical variations by regulating and filtering the current.<\/li>\n<li>Easy to use and can be installed in seconds.<\/li>\n<li>Saves you money by making your battery last longer.<\/li>\n<\/ul>\n<p>AkkuFresh\u00ae Next Generation\u2122 is based on IonXtra\u00ae Power\u2122 technology, an exclusively developed and constantly improved nano-ceramic material that is the result of more than 25 years of laboratory research.<\/p>\n<p>AkkuFresh\u00ae Next Generation\u2122 is the perfect companion to the modern mobile device that caters for all your connectivity requirements whether it is social media updates, high-definition photography, mobile gaming, or browsing the internet.<\/p>\n<p>In addition, the foil works on old and new rechargeable batteries. It slows down the capacity loss of your Li-ion and Li-polymer cells, thereby improving the battery performance.<\/p>\n","protected":false},"excerpt":{"rendered":"<div class=\"prod_name\">AkkuFresh\u00ae Next Generation\u2122<\/div>\n<div class=\"prod_name_ext\">Nanotech Battery Life Foil \u2013 single package<\/div>\n<div><\/div>\n<div><strong>Package of the product:<\/strong><\/div>\n<div>It contains 1 piece of product<\/div>\n<div>One pc (L x W x H): L: 8.6cm x W: 2mm x H: 13.9cm<\/div>\n<div>Gross weight of one pc: 11.7gram<\/div>\n","protected":false},"featured_media":6613,"comment_status":"open","ping_status":"closed","template":"","meta":{"site-sidebar-layout":"default","site-content-layout":"","ast-site-content-layout":"default","site-content-style":"default","site-sidebar-style":"default","ast-global-header-display":"","ast-banner-title-visibility":"","ast-main-header-display":"","ast-hfb-above-header-display":"","ast-hfb-below-header-display":"","ast-hfb-mobile-header-display":"","site-post-title":"","ast-breadcrumbs-content":"","ast-featured-img":"","footer-sml-layout":"","ast-disable-related-posts":"","theme-transparent-header-meta":"default","adv-header-id-meta":"","stick-header-meta":"","header-above-stick-meta":"","header-main-stick-meta":"","header-below-stick-meta":"","astra-migrate-meta-layouts":"set","ast-page-background-enabled":"default","ast-page-background-meta":{"desktop":{"background-color":"var(--ast-global-color-5)","background-image":"","background-repeat":"repeat","background-position":"center center","background-size":"auto","background-attachment":"scroll","background-type":"","background-media":"","overlay-type":"","overlay-color":"","overlay-opacity":"","overlay-gradient":""},"tablet":{"background-color":"","background-image":"","background-repeat":"repeat","background-position":"center center","background-size":"auto","background-attachment":"scroll","background-type":"","background-media":"","overlay-type":"","overlay-color":"","overlay-opacity":"","overlay-gradient":""},"mobile":{"background-color":"","background-image":"","background-repeat":"repeat","background-position":"center center","background-size":"auto","background-attachment":"scroll","background-type":"","background-media":"","overlay-type":"","overlay-color":"","overlay-opacity":"","overlay-gradient":""}},"ast-content-background-meta":{"desktop":{"background-color":"var(--ast-global-color-4)","background-image":"","background-repeat":"repeat","background-position":"center center","background-size":"auto","background-attachment":"scroll","background-type":"","background-media":"","overlay-type":"","overlay-color":"","overlay-opacity":"","overlay-gradient":""},"tablet":{"background-color":"var(--ast-global-color-4)","background-image":"","background-repeat":"repeat","background-position":"center center","background-size":"auto","background-attachment":"scroll","background-type":"","background-media":"","overlay-type":"","overlay-color":"","overlay-opacity":"","overlay-gradient":""},"mobile":{"background-color":"var(--ast-global-color-4)","background-image":"","background-repeat":"repeat","background-position":"center center","background-size":"auto","background-attachment":"scroll","background-type":"","background-media":"","overlay-type":"","overlay-color":"","overlay-opacity":"","overlay-gradient":""}}},"product_brand":[125,126],"product_cat":[124],"product_tag":[128,132,136,140,143,134,130,139,138,145,133,141,142,144,131,129,137,135],"class_list":{"0":"post-599","1":"product","2":"type-product","3":"status-publish","4":"has-post-thumbnail","6":"product_brand-akkufresh","7":"product_brand-akkufresh-next-generation","8":"product_cat-nanotech-battery-life-foil","9":"product_tag-akkufresh","10":"product_tag-battery","11":"product_tag-charging","12":"product_tag-eco","13":"product_tag-electromagnetic","14":"product_tag-foil","15":"product_tag-generation","16":"product_tag-green","17":"product_tag-highquality","18":"product_tag-ionxtra","19":"product_tag-life","20":"product_tag-liion","21":"product_tag-lipolymer","22":"product_tag-madeinhungary","23":"product_tag-nanotech","24":"product_tag-next","25":"product_tag-performance","26":"product_tag-withusthefunneverends","27":"pa_brand-akkufresh-next-generation","28":"pa_manufacturer-biokarma-ltd","29":"pa_material-ionxtra-power","30":"desktop-align-left","31":"tablet-align-left","32":"mobile-align-left","34":"first","35":"instock","36":"taxable","37":"shipping-taxable","38":"purchasable","39":"product-type-simple"},"yoast_head":"<!-- This site is optimized with the Yoast SEO Premium plugin v26.8 (Yoast SEO v26.8) - https:\/\/yoast.com\/product\/yoast-seo-premium-wordpress\/ -->\n<title>Battery Life Extender for Phones | AkkuFresh\u00ae Single Package<\/title>\n<meta name=\"description\" content=\"Boost phone battery life with AkkuFresh\u00ae Single Package. Speeds charging, reduces wear, revives old batteries. Nano-ceramic foil\u2014installs in seconds!\" \/>\n<meta name=\"robots\" content=\"index, follow, max-snippet:-1, max-image-preview:large, max-video-preview:-1\" \/>\n<link rel=\"canonical\" href=\"https:\/\/akkufresh.auniksiddike.com\/hu\/product\/akkufresh-battery-life-extender-single\/\" \/>\n<meta property=\"og:locale\" content=\"hu_HU\" \/>\n<meta property=\"og:type\" content=\"article\" \/>\n<meta property=\"og:title\" content=\"AkkuFresh\u00ae Next Generation\u2122 - single package\" \/>\n<meta property=\"og:description\" content=\"Boost phone battery life with AkkuFresh\u00ae Single Package. Speeds charging, reduces wear, revives old batteries. Nano-ceramic foil\u2014installs in seconds!\" \/>\n<meta property=\"og:url\" content=\"https:\/\/akkufresh.auniksiddike.com\/hu\/product\/akkufresh-battery-life-extender-single\/\" \/>\n<meta property=\"og:site_name\" content=\"AkkuFresh\u00ae World\" \/>\n<meta property=\"article:publisher\" content=\"https:\/\/www.facebook.com\/akkufresh.world\" \/>\n<meta property=\"article:modified_time\" content=\"2025-12-10T10:48:08+00:00\" \/>\n<meta property=\"og:image\" content=\"https:\/\/akkufresh.auniksiddike.com\/wp-content\/uploads\/2025\/04\/1_prod_s.webp\" \/>\n\t<meta property=\"og:image:width\" content=\"900\" \/>\n\t<meta property=\"og:image:height\" content=\"600\" \/>\n\t<meta property=\"og:image:type\" content=\"image\/webp\" \/>\n<meta name=\"twitter:card\" content=\"summary_large_image\" \/>\n<meta name=\"twitter:site\" content=\"@akkufresh\" \/>\n<meta name=\"twitter:label1\" content=\"\u00c1r\" \/>\n\t<meta name=\"twitter:data1\" content=\"18.00&nbsp;&euro;\" \/>\n\t<meta name=\"twitter:label2\" content=\"El\u00e9rhet\u0151s\u00e9g\" \/>\n\t<meta name=\"twitter:data2\" content=\"K\u00e9szleten\" \/>\n<script type=\"application\/ld+json\" class=\"yoast-schema-graph\">{\"@context\":\"https:\/\/schema.org\",\"@graph\":[{\"@type\":\"WebPage\",\"@id\":\"https:\/\/akkufresh.auniksiddike.com\/hu\/product\/akkufresh-battery-life-extender-single\/\",\"url\":\"https:\/\/akkufresh.auniksiddike.com\/hu\/product\/akkufresh-battery-life-extender-single\/\",\"name\":\"Battery Life Extender for Phones | AkkuFresh\u00ae Single Package\",\"isPartOf\":{\"@id\":\"https:\/\/akkufresh.auniksiddike.com\/hu\/#website\"},\"primaryImageOfPage\":{\"@id\":\"https:\/\/akkufresh.auniksiddike.com\/hu\/product\/akkufresh-battery-life-extender-single\/#primaryimage\"},\"image\":{\"@id\":\"https:\/\/akkufresh.auniksiddike.com\/hu\/product\/akkufresh-battery-life-extender-single\/#primaryimage\"},\"thumbnailUrl\":\"https:\/\/akkufresh.auniksiddike.com\/wp-content\/uploads\/2025\/04\/1_prod_s.webp\",\"datePublished\":\"2023-09-26T07:33:28+00:00\",\"dateModified\":\"2025-12-10T10:48:08+00:00\",\"description\":\"Boost phone battery life with AkkuFresh\u00ae Single Package. Speeds charging, reduces wear, revives old batteries. Nano-ceramic foil\u2014installs in seconds!\",\"breadcrumb\":{\"@id\":\"https:\/\/akkufresh.auniksiddike.com\/hu\/product\/akkufresh-battery-life-extender-single\/#breadcrumb\"},\"inLanguage\":\"hu\",\"potentialAction\":[{\"@type\":\"ReadAction\",\"target\":[\"https:\/\/akkufresh.auniksiddike.com\/hu\/product\/akkufresh-battery-life-extender-single\/\"]}]},{\"@type\":\"ImageObject\",\"inLanguage\":\"hu\",\"@id\":\"https:\/\/akkufresh.auniksiddike.com\/hu\/product\/akkufresh-battery-life-extender-single\/#primaryimage\",\"url\":\"https:\/\/akkufresh.auniksiddike.com\/wp-content\/uploads\/2025\/04\/1_prod_s.webp\",\"contentUrl\":\"https:\/\/akkufresh.auniksiddike.com\/wp-content\/uploads\/2025\/04\/1_prod_s.webp\",\"width\":900,\"height\":600,\"caption\":\"AkkuFresh\u00ae single package battery life extender foil\"},{\"@type\":\"BreadcrumbList\",\"@id\":\"https:\/\/akkufresh.auniksiddike.com\/hu\/product\/akkufresh-battery-life-extender-single\/#breadcrumb\",\"itemListElement\":[{\"@type\":\"ListItem\",\"position\":1,\"name\":\"Kezd\u0151lap\",\"item\":\"https:\/\/akkufresh.auniksiddike.com\/hu\/\"},{\"@type\":\"ListItem\",\"position\":2,\"name\":\"Shop\",\"item\":\"https:\/\/akkufresh.auniksiddike.com\/shop\/\"},{\"@type\":\"ListItem\",\"position\":3,\"name\":\"AkkuFresh\u00ae Next Generation\u2122 &#8211; single package\"}]},{\"@type\":\"WebSite\",\"@id\":\"https:\/\/akkufresh.auniksiddike.com\/hu\/#website\",\"url\":\"https:\/\/akkufresh.auniksiddike.com\/hu\/\",\"name\":\"AkkuFresh\u00ae World\",\"description\":\"AkkuFresh\u00ae Next Generation Nanotech Battery Life Foil is speed-up the charge time, extended usable time and slows down the loss of capacity of batteries.\",\"publisher\":{\"@id\":\"https:\/\/akkufresh.auniksiddike.com\/hu\/#organization\"},\"potentialAction\":[{\"@type\":\"SearchAction\",\"target\":{\"@type\":\"EntryPoint\",\"urlTemplate\":\"https:\/\/akkufresh.auniksiddike.com\/hu\/?s={search_term_string}\"},\"query-input\":{\"@type\":\"PropertyValueSpecification\",\"valueRequired\":true,\"valueName\":\"search_term_string\"}}],\"inLanguage\":\"hu\"},{\"@type\":\"Organization\",\"@id\":\"https:\/\/akkufresh.auniksiddike.com\/hu\/#organization\",\"name\":\"AkkuFresh\u00ae World\",\"url\":\"https:\/\/akkufresh.auniksiddike.com\/hu\/\",\"logo\":{\"@type\":\"ImageObject\",\"inLanguage\":\"hu\",\"@id\":\"https:\/\/akkufresh.auniksiddike.com\/hu\/#\/schema\/logo\/image\/\",\"url\":\"\",\"contentUrl\":\"\",\"caption\":\"AkkuFresh\u00ae World\"},\"image\":{\"@id\":\"https:\/\/akkufresh.auniksiddike.com\/hu\/#\/schema\/logo\/image\/\"},\"sameAs\":[\"https:\/\/www.facebook.com\/akkufresh.world\",\"https:\/\/x.com\/akkufresh\",\"https:\/\/www.instagram.com\/akkufresh\/\",\"https:\/\/www.youtube.com\/@AkkuFreshWorld\",\"http:\/\/www.dailymotion.com\/akkufresh\"],\"hasMerchantReturnPolicy\":{\"@type\":\"MerchantReturnPolicy\",\"merchantReturnLink\":\"https:\/\/akkufresh.auniksiddike.com\/shopping-help\/\"}}]}<\/script>\n<meta property=\"product:brand\" content=\"AkkuFresh\u00ae Next Generation\u2122\" \/>\n<meta property=\"product:price:amount\" content=\"18.00\" \/>\n<meta property=\"product:price:currency\" content=\"EUR\" \/>\n<meta property=\"og:availability\" content=\"instock\" \/>\n<meta property=\"product:availability\" content=\"instock\" \/>\n<meta property=\"product:retailer_item_id\" content=\"NG531476\" \/>\n<meta property=\"product:condition\" content=\"new\" \/>\n<!-- \/ Yoast SEO Premium plugin. -->","yoast_head_json":{"title":"Battery Life Extender for Phones | AkkuFresh\u00ae Single Package","description":"Boost phone battery life with AkkuFresh\u00ae Single Package. Speeds charging, reduces wear, revives old batteries. Nano-ceramic foil\u2014installs in seconds!","robots":{"index":"index","follow":"follow","max-snippet":"max-snippet:-1","max-image-preview":"max-image-preview:large","max-video-preview":"max-video-preview:-1"},"canonical":"https:\/\/akkufresh.auniksiddike.com\/hu\/product\/akkufresh-battery-life-extender-single\/","og_locale":"hu_HU","og_type":"article","og_title":"AkkuFresh\u00ae Next Generation\u2122 - single package","og_description":"Boost phone battery life with AkkuFresh\u00ae Single Package. Speeds charging, reduces wear, revives old batteries. Nano-ceramic foil\u2014installs in seconds!","og_url":"https:\/\/akkufresh.auniksiddike.com\/hu\/product\/akkufresh-battery-life-extender-single\/","og_site_name":"AkkuFresh\u00ae World","article_publisher":"https:\/\/www.facebook.com\/akkufresh.world","article_modified_time":"2025-12-10T10:48:08+00:00","og_image":[{"width":900,"height":600,"url":"https:\/\/akkufresh.auniksiddike.com\/wp-content\/uploads\/2025\/04\/1_prod_s.webp","type":"image\/webp"}],"twitter_card":"summary_large_image","twitter_site":"@akkufresh","twitter_misc":{"\u00c1r":"18.00&nbsp;&euro;","El\u00e9rhet\u0151s\u00e9g":"K\u00e9szleten"},"schema":{"@context":"https:\/\/schema.org","@graph":[{"@type":"WebPage","@id":"https:\/\/akkufresh.auniksiddike.com\/hu\/product\/akkufresh-battery-life-extender-single\/","url":"https:\/\/akkufresh.auniksiddike.com\/hu\/product\/akkufresh-battery-life-extender-single\/","name":"Battery Life Extender for Phones | AkkuFresh\u00ae Single Package","isPartOf":{"@id":"https:\/\/akkufresh.auniksiddike.com\/hu\/#website"},"primaryImageOfPage":{"@id":"https:\/\/akkufresh.auniksiddike.com\/hu\/product\/akkufresh-battery-life-extender-single\/#primaryimage"},"image":{"@id":"https:\/\/akkufresh.auniksiddike.com\/hu\/product\/akkufresh-battery-life-extender-single\/#primaryimage"},"thumbnailUrl":"https:\/\/akkufresh.auniksiddike.com\/wp-content\/uploads\/2025\/04\/1_prod_s.webp","datePublished":"2023-09-26T07:33:28+00:00","dateModified":"2025-12-10T10:48:08+00:00","description":"Boost phone battery life with AkkuFresh\u00ae Single Package. Speeds charging, reduces wear, revives old batteries. Nano-ceramic foil\u2014installs in seconds!","breadcrumb":{"@id":"https:\/\/akkufresh.auniksiddike.com\/hu\/product\/akkufresh-battery-life-extender-single\/#breadcrumb"},"inLanguage":"hu","potentialAction":[{"@type":"ReadAction","target":["https:\/\/akkufresh.auniksiddike.com\/hu\/product\/akkufresh-battery-life-extender-single\/"]}]},{"@type":"ImageObject","inLanguage":"hu","@id":"https:\/\/akkufresh.auniksiddike.com\/hu\/product\/akkufresh-battery-life-extender-single\/#primaryimage","url":"https:\/\/akkufresh.auniksiddike.com\/wp-content\/uploads\/2025\/04\/1_prod_s.webp","contentUrl":"https:\/\/akkufresh.auniksiddike.com\/wp-content\/uploads\/2025\/04\/1_prod_s.webp","width":900,"height":600,"caption":"AkkuFresh\u00ae single package battery life extender foil"},{"@type":"BreadcrumbList","@id":"https:\/\/akkufresh.auniksiddike.com\/hu\/product\/akkufresh-battery-life-extender-single\/#breadcrumb","itemListElement":[{"@type":"ListItem","position":1,"name":"Kezd\u0151lap","item":"https:\/\/akkufresh.auniksiddike.com\/hu\/"},{"@type":"ListItem","position":2,"name":"Shop","item":"https:\/\/akkufresh.auniksiddike.com\/shop\/"},{"@type":"ListItem","position":3,"name":"AkkuFresh\u00ae Next Generation\u2122 &#8211; single package"}]},{"@type":"WebSite","@id":"https:\/\/akkufresh.auniksiddike.com\/hu\/#website","url":"https:\/\/akkufresh.auniksiddike.com\/hu\/","name":"AkkuFresh\u00ae World","description":"AkkuFresh\u00ae Next Generation Nanotech Battery Life Foil is speed-up the charge time, extended usable time and slows down the loss of capacity of batteries.","publisher":{"@id":"https:\/\/akkufresh.auniksiddike.com\/hu\/#organization"},"potentialAction":[{"@type":"SearchAction","target":{"@type":"EntryPoint","urlTemplate":"https:\/\/akkufresh.auniksiddike.com\/hu\/?s={search_term_string}"},"query-input":{"@type":"PropertyValueSpecification","valueRequired":true,"valueName":"search_term_string"}}],"inLanguage":"hu"},{"@type":"Organization","@id":"https:\/\/akkufresh.auniksiddike.com\/hu\/#organization","name":"AkkuFresh\u00ae World","url":"https:\/\/akkufresh.auniksiddike.com\/hu\/","logo":{"@type":"ImageObject","inLanguage":"hu","@id":"https:\/\/akkufresh.auniksiddike.com\/hu\/#\/schema\/logo\/image\/","url":"","contentUrl":"","caption":"AkkuFresh\u00ae World"},"image":{"@id":"https:\/\/akkufresh.auniksiddike.com\/hu\/#\/schema\/logo\/image\/"},"sameAs":["https:\/\/www.facebook.com\/akkufresh.world","https:\/\/x.com\/akkufresh","https:\/\/www.instagram.com\/akkufresh\/","https:\/\/www.youtube.com\/@AkkuFreshWorld","http:\/\/www.dailymotion.com\/akkufresh"],"hasMerchantReturnPolicy":{"@type":"MerchantReturnPolicy","merchantReturnLink":"https:\/\/akkufresh.auniksiddike.com\/shopping-help\/"}}]},"product_brand":"AkkuFresh\u00ae Next Generation\u2122","product_price_amount":"18.00","product_price_currency":"EUR","og_availability":"instock","product_availability":"instock","product_retailer_item_id":"NG531476","product_condition":"new"},"_links":{"self":[{"href":"https:\/\/akkufresh.auniksiddike.com\/hu\/wp-json\/wp\/v2\/product\/599","targetHints":{"allow":["GET"]}}],"collection":[{"href":"https:\/\/akkufresh.auniksiddike.com\/hu\/wp-json\/wp\/v2\/product"}],"about":[{"href":"https:\/\/akkufresh.auniksiddike.com\/hu\/wp-json\/wp\/v2\/types\/product"}],"replies":[{"embeddable":true,"href":"https:\/\/akkufresh.auniksiddike.com\/hu\/wp-json\/wp\/v2\/comments?post=599"}],"version-history":[{"count":0,"href":"https:\/\/akkufresh.auniksiddike.com\/hu\/wp-json\/wp\/v2\/product\/599\/revisions"}],"wp:featuredmedia":[{"embeddable":true,"href":"https:\/\/akkufresh.auniksiddike.com\/hu\/wp-json\/wp\/v2\/media\/6613"}],"wp:attachment":[{"href":"https:\/\/akkufresh.auniksiddike.com\/hu\/wp-json\/wp\/v2\/media?parent=599"}],"wp:term":[{"taxonomy":"product_brand","embeddable":true,"href":"https:\/\/akkufresh.auniksiddike.com\/hu\/wp-json\/wp\/v2\/product_brand?post=599"},{"taxonomy":"product_cat","embeddable":true,"href":"https:\/\/akkufresh.auniksiddike.com\/hu\/wp-json\/wp\/v2\/product_cat?post=599"},{"taxonomy":"product_tag","embeddable":true,"href":"https:\/\/akkufresh.auniksiddike.com\/hu\/wp-json\/wp\/v2\/product_tag?post=599"}],"curies":[{"name":"wp","href":"https:\/\/api.w.org\/{rel}","templated":true}]}}